{"id":505,"date":"2023-02-13T10:27:44","date_gmt":"2023-02-13T09:27:44","guid":{"rendered":"https:\/\/mda.at7media.digital\/?page_id=505"},"modified":"2024-05-15T13:10:43","modified_gmt":"2024-05-15T11:10:43","slug":"konto","status":"publish","type":"page","link":"https:\/\/mdautomation.at\/en\/konto\/","title":{"rendered":"Account"},"content":{"rendered":"<div data-elementor-type=\"wp-page\" data-elementor-id=\"505\" class=\"elementor elementor-505\" data-elementor-post-type=\"page\">\n\t\t\t\t<div class=\"elementor-element elementor-element-cd45cc9 e-con-full e-flex e-con e-parent\" data-id=\"cd45cc9\" data-element_type=\"container\" data-e-type=\"container\">\n\t\t\t\t<div class=\"elementor-element elementor-element-04c648d e-my-account-tabs-horizontal elementor-widget elementor-widget-woocommerce-my-account\" data-id=\"04c648d\" data-element_type=\"widget\" data-e-type=\"widget\" data-widget_type=\"woocommerce-my-account.default\">\n\t\t\t\t<div class=\"elementor-widget-container\">\n\t\t\t\t\t<div class=\"e-my-account-tab e-my-account-tab__\">\t\t\t<div class=\"woocommerce\"><div class=\"woocommerce-notices-wrapper\"><\/div>\n\n\t\t<h2 data-no-translation=\"\" data-trp-gettext=\"\">Login<\/h2>\n\n\t\t<form class=\"woocommerce-form woocommerce-form-login login\" method=\"post\" novalidate action=\"\">\n\n\t\t\t\n\t\t\t<p class=\"woocommerce-form-row woocommerce-form-row--wide form-row form-row-wide\">\n\t\t\t\t<label for=\"username\">Username or email address&nbsp;<span class=\"required\" aria-hidden=\"true\">*<\/span><span class=\"screen-reader-text\" data-no-translation=\"\" data-trp-gettext=\"\">Required<\/span><\/label>\n\t\t\t\t<input type=\"text\" class=\"woocommerce-Input woocommerce-Input--text input-text\" name=\"username\" id=\"username\" autocomplete=\"username\" value=\"\" required aria-required=\"true\" \/>\t\t\t<\/p>\n\t\t\t<p class=\"woocommerce-form-row woocommerce-form-row--wide form-row form-row-wide\">\n\t\t\t\t<label for=\"password\">Password&nbsp;<span class=\"required\" aria-hidden=\"true\">*<\/span><span class=\"screen-reader-text\" data-no-translation=\"\" data-trp-gettext=\"\">Required<\/span><\/label>\n\t\t\t\t<input class=\"woocommerce-Input woocommerce-Input--text input-text\" type=\"password\" name=\"password\" id=\"password\" autocomplete=\"current-password\" required aria-required=\"true\" \/>\n\t\t\t<\/p>\n\n\t\t\t\n\t\t\t<p class=\"form-row\">\n\t\t\t\t<label class=\"woocommerce-form__label woocommerce-form__label-for-checkbox woocommerce-form-login__rememberme\">\n\t\t\t\t\t<input class=\"woocommerce-form__input woocommerce-form__input-checkbox\" name=\"rememberme\" type=\"checkbox\" id=\"rememberme\" value=\"forever\" \/> <span data-no-translation=\"\" data-trp-gettext=\"\">Remember me<\/span>\n\t\t\t\t<\/label>\n\t\t\t\t<input type=\"hidden\" id=\"woocommerce-login-nonce\" name=\"woocommerce-login-nonce\" value=\"86044e9701\" \/><input type=\"hidden\" name=\"_wp_http_referer\" value=\"\/en\/wp-json\/wp\/v2\/pages\/505\" \/>\t\t\t\t<button type=\"submit\" class=\"woocommerce-button button woocommerce-form-login__submit\" name=\"login\" value=\"Log in\" data-no-translation=\"\" data-trp-gettext=\"\" data-no-translation-value=\"\">Log in<\/button>\n\t\t\t<\/p>\n\t\t\t<p class=\"woocommerce-LostPassword lost_password\">\n\t\t\t\t<a href=\"https:\/\/mdautomation.at\/en\/konto\/lost-password\/\" data-no-translation=\"\" data-trp-gettext=\"\">Lost your password?<\/a>\n\t\t\t<\/p>\n\n\t\t\t\n\t\t<input type=\"hidden\" name=\"trp-form-language\" value=\"en\"\/><\/form>\n\n\n<\/div>\t\t<\/div>\n\t\t\t\t\t\t<\/div>\n\t\t\t\t<\/div>\n\t\t<div class=\"elementor-element elementor-element-e2e0288 e-con-full e-flex e-con e-child\" data-id=\"e2e0288\" data-element_type=\"container\" data-e-type=\"container\">\n\t\t<div class=\"elementor-element elementor-element-34aa0ba e-con-full e-flex e-con e-child\" data-id=\"34aa0ba\" data-element_type=\"container\" data-e-type=\"container\">\n\t\t\t\t<div class=\"elementor-element elementor-element-e9d6787 elementor-widget elementor-widget-heading\" data-id=\"e9d6787\" data-element_type=\"widget\" data-e-type=\"widget\" data-widget_type=\"heading.default\">\n\t\t\t\t<div class=\"elementor-widget-container\">\n\t\t\t\t\t<p class=\"elementor-heading-title elementor-size-default\">Link to One Drive:<\/p>\t\t\t\t<\/div>\n\t\t\t\t<\/div>\n\t\t\t\t<\/div>\n\t\t<div class=\"elementor-element elementor-element-68062d6 e-con-full e-flex e-con e-child\" data-id=\"68062d6\" data-element_type=\"container\" data-e-type=\"container\">\n\t\t\t\t<div class=\"elementor-element elementor-element-781d29f elementor-widget elementor-widget-heading\" data-id=\"781d29f\" data-element_type=\"widget\" data-e-type=\"widget\" data-widget_type=\"heading.default\">\n\t\t\t\t<div class=\"elementor-widget-container\">\n\t\t\t\t\t<p class=\"elementor-heading-title elementor-size-default\">https:\/\/onedrive.live.com<\/p>\t\t\t\t<\/div>\n\t\t\t\t<\/div>\n\t\t\t\t<\/div>\n\t\t\t\t<\/div>\n\t\t\t\t<\/div>\n\t\t\t\t<\/div>","protected":false},"excerpt":{"rendered":"<p>Login Username or email address&nbsp;*Required Password&nbsp;*Required Remember me Log in Lost your password? \u00dcbersicht Bestellungen Downloads Adressen Kontodaten Abmelden \u00dcbersicht Bestellungen Downloads Adressen Kontodaten Abmelden \u00dcbersicht Bestellungen Downloads Adressen Kontodaten Abmelden \u00dcbersicht Bestellungen Downloads Adressen Kontodaten Abmelden Hello md_wels_at7media (not md_wels_at7media? Log out) From your account dashboard [&hellip;]<\/p>\n","protected":false},"author":6,"featured_media":0,"parent":0,"menu_order":0,"comment_status":"closed","ping_status":"closed","template":"elementor_header_footer","meta":{"footnotes":""},"class_list":["post-505","page","type-page","status-publish","hentry"],"yoast_head":"<!-- This site is optimized with the Yoast SEO plugin v26.8 - https:\/\/yoast.com\/product\/yoast-seo-wordpress\/ -->\n<title>Konto - Website<\/title>\n<meta name=\"robots\" content=\"index, follow, max-snippet:-1, max-image-preview:large, max-video-preview:-1\" \/>\n<link rel=\"canonical\" href=\"https:\/\/mdautomation.at\/en\/konto\/\" \/>\n<meta property=\"og:locale\" content=\"en_US\" \/>\n<meta property=\"og:type\" content=\"article\" \/>\n<meta property=\"og:title\" content=\"Konto - Website\" \/>\n<meta property=\"og:description\" content=\"Login Username or email address&nbsp;*Required Password&nbsp;*Required Remember me Log in Lost your password? \u00dcbersicht Bestellungen Downloads Adressen Kontodaten Abmelden \u00dcbersicht Bestellungen Downloads Adressen Kontodaten Abmelden \u00dcbersicht Bestellungen Downloads Adressen Kontodaten Abmelden \u00dcbersicht Bestellungen Downloads Adressen Kontodaten Abmelden Hello md_wels_at7media (not md_wels_at7media? Log out) From your account dashboard [&hellip;]\" \/>\n<meta property=\"og:url\" content=\"https:\/\/mdautomation.at\/en\/konto\/\" \/>\n<meta property=\"og:site_name\" content=\"Website\" \/>\n<meta property=\"article:modified_time\" content=\"2024-05-15T11:10:43+00:00\" \/>\n<meta property=\"og:image\" content=\"https:\/\/mda.at7media.digital\/wp-content\/uploads\/2024\/05\/Scara-V5-Bild7-300x300.png\" \/>\n<meta name=\"twitter:card\" content=\"summary_large_image\" \/>\n<meta name=\"twitter:label1\" content=\"Est. reading time\" \/>\n\t<meta name=\"twitter:data1\" content=\"2 minutes\" \/>\n<script type=\"application\/ld+json\" class=\"yoast-schema-graph\">{\"@context\":\"https:\/\/schema.org\",\"@graph\":[{\"@type\":\"WebPage\",\"@id\":\"https:\/\/mdautomation.at\/konto\/\",\"url\":\"https:\/\/mdautomation.at\/konto\/\",\"name\":\"Konto - Website\",\"isPartOf\":{\"@id\":\"https:\/\/mdautomation.at\/#website\"},\"primaryImageOfPage\":{\"@id\":\"https:\/\/mdautomation.at\/konto\/#primaryimage\"},\"image\":{\"@id\":\"https:\/\/mdautomation.at\/konto\/#primaryimage\"},\"thumbnailUrl\":\"https:\/\/mda.at7media.digital\/wp-content\/uploads\/2024\/05\/Scara-V5-Bild7-300x300.png\",\"datePublished\":\"2023-02-13T09:27:44+00:00\",\"dateModified\":\"2024-05-15T11:10:43+00:00\",\"breadcrumb\":{\"@id\":\"https:\/\/mdautomation.at\/konto\/#breadcrumb\"},\"inLanguage\":\"en-US\",\"potentialAction\":[{\"@type\":\"ReadAction\",\"target\":[\"https:\/\/mdautomation.at\/konto\/\"]}]},{\"@type\":\"ImageObject\",\"inLanguage\":\"en-US\",\"@id\":\"https:\/\/mdautomation.at\/konto\/#primaryimage\",\"url\":\"https:\/\/mda.at7media.digital\/wp-content\/uploads\/2024\/05\/Scara-V5-Bild7-300x300.png\",\"contentUrl\":\"https:\/\/mda.at7media.digital\/wp-content\/uploads\/2024\/05\/Scara-V5-Bild7-300x300.png\"},{\"@type\":\"BreadcrumbList\",\"@id\":\"https:\/\/mdautomation.at\/konto\/#breadcrumb\",\"itemListElement\":[{\"@type\":\"ListItem\",\"position\":1,\"name\":\"Startseite\",\"item\":\"https:\/\/mdautomation.at\/\"},{\"@type\":\"ListItem\",\"position\":2,\"name\":\"Konto\"}]},{\"@type\":\"WebSite\",\"@id\":\"https:\/\/mdautomation.at\/#website\",\"url\":\"https:\/\/mdautomation.at\/\",\"name\":\"Website\",\"description\":\"Hier kommt in K\u00fcrze eine neue Website\",\"publisher\":{\"@id\":\"https:\/\/mdautomation.at\/#organization\"},\"potentialAction\":[{\"@type\":\"SearchAction\",\"target\":{\"@type\":\"EntryPoint\",\"urlTemplate\":\"https:\/\/mdautomation.at\/?s={search_term_string}\"},\"query-input\":{\"@type\":\"PropertyValueSpecification\",\"valueRequired\":true,\"valueName\":\"search_term_string\"}}],\"inLanguage\":\"en-US\"},{\"@type\":\"Organization\",\"@id\":\"https:\/\/mdautomation.at\/#organization\",\"name\":\"Website\",\"url\":\"https:\/\/mdautomation.at\/\",\"logo\":{\"@type\":\"ImageObject\",\"inLanguage\":\"en-US\",\"@id\":\"https:\/\/mdautomation.at\/#\/schema\/logo\/image\/\",\"url\":\"https:\/\/mdautomation.at\/wp-content\/uploads\/2025\/03\/LOGO-MDAblueneu.png\",\"contentUrl\":\"https:\/\/mdautomation.at\/wp-content\/uploads\/2025\/03\/LOGO-MDAblueneu.png\",\"width\":3368,\"height\":1749,\"caption\":\"Website\"},\"image\":{\"@id\":\"https:\/\/mdautomation.at\/#\/schema\/logo\/image\/\"}}]}<\/script>\n<!-- \/ Yoast SEO plugin. -->","yoast_head_json":{"title":"Konto - Website","robots":{"index":"index","follow":"follow","max-snippet":"max-snippet:-1","max-image-preview":"max-image-preview:large","max-video-preview":"max-video-preview:-1"},"canonical":"https:\/\/mdautomation.at\/en\/konto\/","og_locale":"en_US","og_type":"article","og_title":"Konto - Website","og_description":"Login Username or email address&nbsp;*Required Password&nbsp;*Required Remember me Log in Lost your password? \u00dcbersicht Bestellungen Downloads Adressen Kontodaten Abmelden \u00dcbersicht Bestellungen Downloads Adressen Kontodaten Abmelden \u00dcbersicht Bestellungen Downloads Adressen Kontodaten Abmelden \u00dcbersicht Bestellungen Downloads Adressen Kontodaten Abmelden Hello md_wels_at7media (not md_wels_at7media? Log out) From your account dashboard [&hellip;]","og_url":"https:\/\/mdautomation.at\/en\/konto\/","og_site_name":"Website","article_modified_time":"2024-05-15T11:10:43+00:00","og_image":[{"url":"https:\/\/mda.at7media.digital\/wp-content\/uploads\/2024\/05\/Scara-V5-Bild7-300x300.png","type":"","width":"","height":""}],"twitter_card":"summary_large_image","twitter_misc":{"Est. reading time":"2 minutes"},"schema":{"@context":"https:\/\/schema.org","@graph":[{"@type":"WebPage","@id":"https:\/\/mdautomation.at\/konto\/","url":"https:\/\/mdautomation.at\/konto\/","name":"Konto - Website","isPartOf":{"@id":"https:\/\/mdautomation.at\/#website"},"primaryImageOfPage":{"@id":"https:\/\/mdautomation.at\/konto\/#primaryimage"},"image":{"@id":"https:\/\/mdautomation.at\/konto\/#primaryimage"},"thumbnailUrl":"https:\/\/mda.at7media.digital\/wp-content\/uploads\/2024\/05\/Scara-V5-Bild7-300x300.png","datePublished":"2023-02-13T09:27:44+00:00","dateModified":"2024-05-15T11:10:43+00:00","breadcrumb":{"@id":"https:\/\/mdautomation.at\/konto\/#breadcrumb"},"inLanguage":"en-US","potentialAction":[{"@type":"ReadAction","target":["https:\/\/mdautomation.at\/konto\/"]}]},{"@type":"ImageObject","inLanguage":"en-US","@id":"https:\/\/mdautomation.at\/konto\/#primaryimage","url":"https:\/\/mda.at7media.digital\/wp-content\/uploads\/2024\/05\/Scara-V5-Bild7-300x300.png","contentUrl":"https:\/\/mda.at7media.digital\/wp-content\/uploads\/2024\/05\/Scara-V5-Bild7-300x300.png"},{"@type":"BreadcrumbList","@id":"https:\/\/mdautomation.at\/konto\/#breadcrumb","itemListElement":[{"@type":"ListItem","position":1,"name":"Startseite","item":"https:\/\/mdautomation.at\/"},{"@type":"ListItem","position":2,"name":"Konto"}]},{"@type":"WebSite","@id":"https:\/\/mdautomation.at\/#website","url":"https:\/\/mdautomation.at\/","name":"Website","description":"Hier kommt in K\u00fcrze eine neue Website","publisher":{"@id":"https:\/\/mdautomation.at\/#organization"},"potentialAction":[{"@type":"SearchAction","target":{"@type":"EntryPoint","urlTemplate":"https:\/\/mdautomation.at\/?s={search_term_string}"},"query-input":{"@type":"PropertyValueSpecification","valueRequired":true,"valueName":"search_term_string"}}],"inLanguage":"en-US"},{"@type":"Organization","@id":"https:\/\/mdautomation.at\/#organization","name":"Website","url":"https:\/\/mdautomation.at\/","logo":{"@type":"ImageObject","inLanguage":"en-US","@id":"https:\/\/mdautomation.at\/#\/schema\/logo\/image\/","url":"https:\/\/mdautomation.at\/wp-content\/uploads\/2025\/03\/LOGO-MDAblueneu.png","contentUrl":"https:\/\/mdautomation.at\/wp-content\/uploads\/2025\/03\/LOGO-MDAblueneu.png","width":3368,"height":1749,"caption":"Website"},"image":{"@id":"https:\/\/mdautomation.at\/#\/schema\/logo\/image\/"}}]}},"_links":{"self":[{"href":"https:\/\/mdautomation.at\/en\/wp-json\/wp\/v2\/pages\/505","targetHints":{"allow":["GET"]}}],"collection":[{"href":"https:\/\/mdautomation.at\/en\/wp-json\/wp\/v2\/pages"}],"about":[{"href":"https:\/\/mdautomation.at\/en\/wp-json\/wp\/v2\/types\/page"}],"author":[{"embeddable":true,"href":"https:\/\/mdautomation.at\/en\/wp-json\/wp\/v2\/users\/6"}],"replies":[{"embeddable":true,"href":"https:\/\/mdautomation.at\/en\/wp-json\/wp\/v2\/comments?post=505"}],"version-history":[{"count":250,"href":"https:\/\/mdautomation.at\/en\/wp-json\/wp\/v2\/pages\/505\/revisions"}],"predecessor-version":[{"id":3112,"href":"https:\/\/mdautomation.at\/en\/wp-json\/wp\/v2\/pages\/505\/revisions\/3112"}],"wp:attachment":[{"href":"https:\/\/mdautomation.at\/en\/wp-json\/wp\/v2\/media?parent=505"}],"curies":[{"name":"wp","href":"https:\/\/api.w.org\/{rel}","templated":true}]}}