{"id":507,"date":"2023-06-07T14:26:34","date_gmt":"2023-06-07T12:26:34","guid":{"rendered":"https:\/\/mda.at7media.digital\/?page_id=507"},"modified":"2024-01-10T14:38:28","modified_gmt":"2024-01-10T13:38:28","slug":"agb","status":"publish","type":"page","link":"https:\/\/mdautomation.at\/en\/agb\/","title":{"rendered":"Terms and Conditions"},"content":{"rendered":"<div data-elementor-type=\"wp-page\" data-elementor-id=\"507\" class=\"elementor elementor-507\" data-elementor-post-type=\"page\">\n\t\t\t\t\t\t<section class=\"elementor-section elementor-top-section elementor-element elementor-element-9bd7418 elementor-section-full_width elementor-section-height-default elementor-section-height-default\" data-id=\"9bd7418\" data-element_type=\"section\" data-e-type=\"section\">\n\t\t\t\t\t\t<div class=\"elementor-container elementor-column-gap-default\">\n\t\t\t\t\t<div class=\"elementor-column elementor-col-100 elementor-top-column elementor-element elementor-element-d66c0e0\" data-id=\"d66c0e0\" data-element_type=\"column\" data-e-type=\"column\">\n\t\t\t<div class=\"elementor-widget-wrap elementor-element-populated\">\n\t\t\t\t\t\t<div class=\"elementor-element elementor-element-b51225c elementor-widget elementor-widget-heading\" data-id=\"b51225c\" data-element_type=\"widget\" data-e-type=\"widget\" data-widget_type=\"heading.default\">\n\t\t\t\t<div class=\"elementor-widget-container\">\n\t\t\t\t\t<h2 class=\"elementor-heading-title elementor-size-default\">Terms and Conditions<\/h2>\t\t\t\t<\/div>\n\t\t\t\t<\/div>\n\t\t\t\t<div class=\"elementor-element elementor-element-9cd24f9 elementor-widget elementor-widget-text-editor\" data-id=\"9cd24f9\" data-element_type=\"widget\" data-e-type=\"widget\" data-widget_type=\"text-editor.default\">\n\t\t\t\t<div class=\"elementor-widget-container\">\n\t\t\t\t\t\t\t\t\t<p><strong>Bauteil\u00e4nderung durch konstruktive Anpassung vorbehalten.<\/strong><\/p><p><strong>Bauteile die evtl. von den technischen Kundenspezifikation abweichen sind im Angebot extra angef\u00fchrt.<\/strong><\/p><p><strong>Achtung die Gew\u00e4hrleistung auf Elektrokomponenten der Fa. Siemens betr\u00e4gt 1 Jahr. Dieser beginnt mit dem Datum des Eintreffens dieser Bauteile bei uns im Haus zu laufen. <\/strong><\/p><p>Eine Garantieverl\u00e4ngerung muss extra bestellt werden. (5% des Material VKP)<\/p><p>\u00a0<\/p><p><strong>Bindefrist<\/strong><\/p><p>Angebot g\u00fcltig einschlie\u00dflich 14 Tage nach Angebotslegung.<\/p><p>\u00a0<\/p><p>Alle genannten Preise sind ausschlie\u00dflich projektbezogen und gelten nur bei einer Bestellung \u00fcber den angebotenen Gesamtumfang.<\/p><p>Sie gelten nicht bei Neu- oder Nachbestellungen au\u00dferhalb dieses Projektes.<\/p><p>Alle nicht namentlich aufgef\u00fchrten Lieferungen und Leistungen sind nicht Bestandteil dieses Angebotes.<\/p><p>Die Preise verstehen sich netto, einschlie\u00dflich Fracht und Verpackung frei Baustelle.<\/p><p>Die Verrechnung erfolgt brutto mit Umsatzsteuer.<\/p><p>\u00a0<\/p><p><strong>Lieferzeit \/ Durchf\u00fchrungszeitraum<\/strong><\/p><p>Das Angebot bezieht sich auf einen Durchf\u00fchrungszeitraum von 1 bis 12 Monate nach Angebotslegung.<\/p><p>\u00a0<\/p><p>Die Lieferzeit f\u00fcr die Realisierung wird im Einzelfall mit Ihnen abgestimmt. Die in unserem Angebot enthaltenen Aufwendungen f\u00fcr die Inbetriebsetzung sind unter der Voraussetzung kalkuliert, dass die Arbeiten z\u00fcgig und ohne Behinderungen innerhalb der \u00fcblichen Arbeitszeit durchgef\u00fchrt werden k\u00f6nnen. Der Mehraufwand bei fehlenden Voraussetzungen \u2013 insbesondere durch Wartezeiten sind in der angegebenen Lieferzeit nicht ber\u00fccksichtigt.<\/p><p>\u00a0<\/p><p>Die Lieferung erfolg frei Haus.<\/p><p>\u00a0<\/p><p><strong>M\u00e4ngelhaftung<\/strong><\/p><p>Die Leistungen, die einen Mangel aufweisen, sind nach Wahl von uns nachzubessern, neu zu liefern oder neu zu erbringen. Zur M\u00e4ngelbeseitigung ist uns angemessene Zeit und Gelegenheit zu gew\u00e4hren. Wird dies verweigert, sind wir insoweit von der M\u00e4ngelhaftung befreit. Wenn wir eine uns gesetzte angemessene Frist verstreichen lassen, ohne den Mangel zu beheben, k\u00f6nnen Sie Herabsetzen der Verg\u00fctung (Minderung) verlangen.<\/p><p>Der Anspruch auf M\u00e4ngelhaftung erlischt, falls Sie \u00c4nderungen an der von uns gelieferten Hard- bzw. Software w\u00e4hrend der M\u00e4ngelhaftungszeit ohne R\u00fccksprache mit uns vorgenommen werden.<\/p><p>Die Lieferung ist frei von M\u00e4ngeln, wenn sie bei Gefahren\u00fcbergang die gem\u00e4\u00df Angebot vereinbarte Beschaffenheit hat. Eine Haftung f\u00fcr \u00f6ffentliche \u00c4u\u00dferungen oder Produktkennzeichnungen von MDA oder Dritten ist ausgeschlossen.\u00a0\u00a0\u00a0\u00a0\u00a0\u00a0\u00a0\u00a0\u00a0<\/p><p>Soweit wir M\u00e4ngel durch Nacherf\u00fcllung beseitigen, endet die M\u00e4ngelverj\u00e4hrungsfrist f\u00fcr die nachgebesserten oder neu gelieferten Leistungen oder Teile 6 Monate nach Beseitigung. Sie l\u00e4uft aber mindestens bis zum Ende der M\u00e4ngelverj\u00e4hrungsfrist f\u00fcr die urspr\u00fcnglichen Leistungen.<\/p><p>\u00a0<\/p><p><strong>Abnahme<\/strong><\/p><p>Die Vorabnahme erfolgt bei MDA.<\/p><p>\u00a0<\/p><p>Die Abnahme kann wegen unwesentlicher M\u00e4ngel nicht verweigert werden. Die Abnahme gilt als erteilt, wenn Sie nicht innerhalb von 2 Wochen nach Meldung der Abnahmebereitschaft abnehmen. Ebenfalls gilt die Abnahme bei produktiver Nutzung der Anlage mit der \u00a0\u00a0\u00a0\u00a0\u00a0\u00a0\u00a0\u00a0\u00a0\u00a0\u00a0\u00a0\u00a0 betrieblichen Nutzung.<\/p><p>Bauteile die von ihren Lieferspezifikationen abweichen k\u00f6nnen sind im Angebot einzeln angef\u00fchrt.<\/p><p>Eine Beanstandung dieser ist nach Auftragsvergabe nicht mehr m\u00f6glich.<\/p><p>\u00a0<\/p><p><strong>Zahlungsbedingungen<\/strong><\/p><p>Unserer Kalkulation liegen keine zus\u00e4tzlichen Einkaufsbedingungen zugrunde.<\/p><p>\u00a0<\/p><p>Teilrechnung nach Lieferung gem\u00e4\u00df Angebotsgliederung.<\/p><p>Anzahlung Materialwert gem\u00e4\u00df Angebotsgliederung.<\/p><p>Zahlungsziel 14 Tage netto.<\/p><p>\u00a0<\/p><p>Wir freuen uns auf Ihren Auftrag und sichern Ihnen eine reibungslose und termingerechte Abwicklung zu. F\u00fcr R\u00fcckfragen und<\/p><p>detaillierte Erl\u00e4uterungen stehen wir Ihnen gerne zur Verf\u00fcgung.<\/p>\t\t\t\t\t\t\t\t<\/div>\n\t\t\t\t<\/div>\n\t\t\t\t\t<\/div>\n\t\t<\/div>\n\t\t\t\t\t<\/div>\n\t\t<\/section>\n\t\t\t\t<\/div>","protected":false},"excerpt":{"rendered":"<p>AGB Bauteil\u00e4nderung durch konstruktive Anpassung vorbehalten. Bauteile die evtl. von den technischen Kundenspezifikation abweichen sind im Angebot extra angef\u00fchrt. Achtung die Gew\u00e4hrleistung auf Elektrokomponenten der Fa. Siemens betr\u00e4gt 1 Jahr. Dieser beginnt mit dem Datum des Eintreffens dieser Bauteile bei uns im Haus zu laufen. Eine Garantieverl\u00e4ngerung muss extra bestellt werden. (5% des Material VKP) [&hellip;]<\/p>\n","protected":false},"author":6,"featured_media":0,"parent":0,"menu_order":0,"comment_status":"closed","ping_status":"closed","template":"elementor_header_footer","meta":{"footnotes":""},"class_list":["post-507","page","type-page","status-publish","hentry"],"yoast_head":"<!-- This site is optimized with the Yoast SEO plugin v26.8 - https:\/\/yoast.com\/product\/yoast-seo-wordpress\/ -->\n<title>AGB - Website<\/title>\n<meta name=\"robots\" content=\"index, follow, max-snippet:-1, max-image-preview:large, max-video-preview:-1\" \/>\n<link rel=\"canonical\" href=\"https:\/\/mdautomation.at\/en\/agb\/\" \/>\n<meta property=\"og:locale\" content=\"en_US\" \/>\n<meta property=\"og:type\" content=\"article\" \/>\n<meta property=\"og:title\" content=\"AGB - Website\" \/>\n<meta property=\"og:description\" content=\"AGB Bauteil\u00e4nderung durch konstruktive Anpassung vorbehalten. Bauteile die evtl. von den technischen Kundenspezifikation abweichen sind im Angebot extra angef\u00fchrt. Achtung die Gew\u00e4hrleistung auf Elektrokomponenten der Fa. Siemens betr\u00e4gt 1 Jahr. Dieser beginnt mit dem Datum des Eintreffens dieser Bauteile bei uns im Haus zu laufen. Eine Garantieverl\u00e4ngerung muss extra bestellt werden. (5% des Material VKP) [&hellip;]\" \/>\n<meta property=\"og:url\" content=\"https:\/\/mdautomation.at\/en\/agb\/\" \/>\n<meta property=\"og:site_name\" content=\"Website\" \/>\n<meta property=\"article:modified_time\" content=\"2024-01-10T13:38:28+00:00\" \/>\n<meta name=\"twitter:card\" content=\"summary_large_image\" \/>\n<meta name=\"twitter:label1\" content=\"Est. reading time\" \/>\n\t<meta name=\"twitter:data1\" content=\"3 minutes\" \/>\n<script type=\"application\/ld+json\" class=\"yoast-schema-graph\">{\"@context\":\"https:\/\/schema.org\",\"@graph\":[{\"@type\":\"WebPage\",\"@id\":\"https:\/\/mdautomation.at\/agb\/\",\"url\":\"https:\/\/mdautomation.at\/agb\/\",\"name\":\"AGB - Website\",\"isPartOf\":{\"@id\":\"https:\/\/mdautomation.at\/#website\"},\"datePublished\":\"2023-06-07T12:26:34+00:00\",\"dateModified\":\"2024-01-10T13:38:28+00:00\",\"breadcrumb\":{\"@id\":\"https:\/\/mdautomation.at\/agb\/#breadcrumb\"},\"inLanguage\":\"en-US\",\"potentialAction\":[{\"@type\":\"ReadAction\",\"target\":[\"https:\/\/mdautomation.at\/agb\/\"]}]},{\"@type\":\"BreadcrumbList\",\"@id\":\"https:\/\/mdautomation.at\/agb\/#breadcrumb\",\"itemListElement\":[{\"@type\":\"ListItem\",\"position\":1,\"name\":\"Startseite\",\"item\":\"https:\/\/mdautomation.at\/\"},{\"@type\":\"ListItem\",\"position\":2,\"name\":\"AGB\"}]},{\"@type\":\"WebSite\",\"@id\":\"https:\/\/mdautomation.at\/#website\",\"url\":\"https:\/\/mdautomation.at\/\",\"name\":\"Website\",\"description\":\"Hier kommt in K\u00fcrze eine neue Website\",\"publisher\":{\"@id\":\"https:\/\/mdautomation.at\/#organization\"},\"potentialAction\":[{\"@type\":\"SearchAction\",\"target\":{\"@type\":\"EntryPoint\",\"urlTemplate\":\"https:\/\/mdautomation.at\/?s={search_term_string}\"},\"query-input\":{\"@type\":\"PropertyValueSpecification\",\"valueRequired\":true,\"valueName\":\"search_term_string\"}}],\"inLanguage\":\"en-US\"},{\"@type\":\"Organization\",\"@id\":\"https:\/\/mdautomation.at\/#organization\",\"name\":\"Website\",\"url\":\"https:\/\/mdautomation.at\/\",\"logo\":{\"@type\":\"ImageObject\",\"inLanguage\":\"en-US\",\"@id\":\"https:\/\/mdautomation.at\/#\/schema\/logo\/image\/\",\"url\":\"https:\/\/mdautomation.at\/wp-content\/uploads\/2025\/03\/LOGO-MDAblueneu.png\",\"contentUrl\":\"https:\/\/mdautomation.at\/wp-content\/uploads\/2025\/03\/LOGO-MDAblueneu.png\",\"width\":3368,\"height\":1749,\"caption\":\"Website\"},\"image\":{\"@id\":\"https:\/\/mdautomation.at\/#\/schema\/logo\/image\/\"}}]}<\/script>\n<!-- \/ Yoast SEO plugin. -->","yoast_head_json":{"title":"AGB - Website","robots":{"index":"index","follow":"follow","max-snippet":"max-snippet:-1","max-image-preview":"max-image-preview:large","max-video-preview":"max-video-preview:-1"},"canonical":"https:\/\/mdautomation.at\/en\/agb\/","og_locale":"en_US","og_type":"article","og_title":"AGB - Website","og_description":"AGB Bauteil\u00e4nderung durch konstruktive Anpassung vorbehalten. Bauteile die evtl. von den technischen Kundenspezifikation abweichen sind im Angebot extra angef\u00fchrt. Achtung die Gew\u00e4hrleistung auf Elektrokomponenten der Fa. Siemens betr\u00e4gt 1 Jahr. Dieser beginnt mit dem Datum des Eintreffens dieser Bauteile bei uns im Haus zu laufen. Eine Garantieverl\u00e4ngerung muss extra bestellt werden. (5% des Material VKP) [&hellip;]","og_url":"https:\/\/mdautomation.at\/en\/agb\/","og_site_name":"Website","article_modified_time":"2024-01-10T13:38:28+00:00","twitter_card":"summary_large_image","twitter_misc":{"Est. reading time":"3 minutes"},"schema":{"@context":"https:\/\/schema.org","@graph":[{"@type":"WebPage","@id":"https:\/\/mdautomation.at\/agb\/","url":"https:\/\/mdautomation.at\/agb\/","name":"AGB - Website","isPartOf":{"@id":"https:\/\/mdautomation.at\/#website"},"datePublished":"2023-06-07T12:26:34+00:00","dateModified":"2024-01-10T13:38:28+00:00","breadcrumb":{"@id":"https:\/\/mdautomation.at\/agb\/#breadcrumb"},"inLanguage":"en-US","potentialAction":[{"@type":"ReadAction","target":["https:\/\/mdautomation.at\/agb\/"]}]},{"@type":"BreadcrumbList","@id":"https:\/\/mdautomation.at\/agb\/#breadcrumb","itemListElement":[{"@type":"ListItem","position":1,"name":"Startseite","item":"https:\/\/mdautomation.at\/"},{"@type":"ListItem","position":2,"name":"AGB"}]},{"@type":"WebSite","@id":"https:\/\/mdautomation.at\/#website","url":"https:\/\/mdautomation.at\/","name":"Website","description":"Hier kommt in K\u00fcrze eine neue Website","publisher":{"@id":"https:\/\/mdautomation.at\/#organization"},"potentialAction":[{"@type":"SearchAction","target":{"@type":"EntryPoint","urlTemplate":"https:\/\/mdautomation.at\/?s={search_term_string}"},"query-input":{"@type":"PropertyValueSpecification","valueRequired":true,"valueName":"search_term_string"}}],"inLanguage":"en-US"},{"@type":"Organization","@id":"https:\/\/mdautomation.at\/#organization","name":"Website","url":"https:\/\/mdautomation.at\/","logo":{"@type":"ImageObject","inLanguage":"en-US","@id":"https:\/\/mdautomation.at\/#\/schema\/logo\/image\/","url":"https:\/\/mdautomation.at\/wp-content\/uploads\/2025\/03\/LOGO-MDAblueneu.png","contentUrl":"https:\/\/mdautomation.at\/wp-content\/uploads\/2025\/03\/LOGO-MDAblueneu.png","width":3368,"height":1749,"caption":"Website"},"image":{"@id":"https:\/\/mdautomation.at\/#\/schema\/logo\/image\/"}}]}},"_links":{"self":[{"href":"https:\/\/mdautomation.at\/en\/wp-json\/wp\/v2\/pages\/507","targetHints":{"allow":["GET"]}}],"collection":[{"href":"https:\/\/mdautomation.at\/en\/wp-json\/wp\/v2\/pages"}],"about":[{"href":"https:\/\/mdautomation.at\/en\/wp-json\/wp\/v2\/types\/page"}],"author":[{"embeddable":true,"href":"https:\/\/mdautomation.at\/en\/wp-json\/wp\/v2\/users\/6"}],"replies":[{"embeddable":true,"href":"https:\/\/mdautomation.at\/en\/wp-json\/wp\/v2\/comments?post=507"}],"version-history":[{"count":7,"href":"https:\/\/mdautomation.at\/en\/wp-json\/wp\/v2\/pages\/507\/revisions"}],"predecessor-version":[{"id":1789,"href":"https:\/\/mdautomation.at\/en\/wp-json\/wp\/v2\/pages\/507\/revisions\/1789"}],"wp:attachment":[{"href":"https:\/\/mdautomation.at\/en\/wp-json\/wp\/v2\/media?parent=507"}],"curies":[{"name":"wp","href":"https:\/\/api.w.org\/{rel}","templated":true}]}}