{"id":2328,"date":"2024-01-11T11:55:44","date_gmt":"2024-01-11T10:55:44","guid":{"rendered":"https:\/\/mda.at7media.digital\/produkt\/maximaler-ausgangsdruck-7-bar-mit-manometer-abschliesbarer-reglerkopf-durchflussrichtung-von-links-nach-rechts\/"},"modified":"2024-05-15T20:27:58","modified_gmt":"2024-05-15T18:27:58","slug":"maximaler-ausgangsdruck-7-bar-mit-manometer-abschliesbarer-reglerkopf-durchflussrichtung-von-links-nach-rechts","status":"publish","type":"product","link":"https:\/\/mdautomation.at\/en\/produkt\/maximaler-ausgangsdruck-7-bar-mit-manometer-abschliesbarer-reglerkopf-durchflussrichtung-von-links-nach-rechts\/","title":{"rendered":"Druckregelventil"},"content":{"rendered":"<p>Baugr\u00f6\u00dfe 4<br \/>\nBaureihe MS<br \/>\nBet\u00e4tigungssicherung Drehknopf mit Arretierung<br \/>\nEinbaulage beliebig<br \/>\nKonstruktiver Aufbau direktgesteuertes Membranregelventil<br \/>\nReglerfunktion Ausgangsdruck konstant<br \/>\nmit Sekund\u00e4rentl\u00fcftung mit R\u00fcckstromverhalten<br \/>\nDruckanzeige mit Manometer<br \/>\nBetriebsdruck 0.8 bar &#8230; 14 bar<br \/>\nDruckregelbereich 0.3 bar &#8230; 7 bar<br \/>\nMax. Druckhysterese 0.25 bar<br \/>\nNormalnenndurchfluss 1150 l\/min<br \/>\nProduktgewicht 225 g<br \/>\nBefestigungsart wahlweise: Fronttafeleinbau Leitungseinbau<br \/>\nmit Zubeh\u00f6r Pneumatischer Anschluss 1 G1\/8<br \/>\nPneumatischer Anschluss 2 G1\/8<br \/>\nAluminium-Druckguss<\/p>","protected":false},"excerpt":{"rendered":"<p>Baugrupe 4<br \/>\nBaureihe MS<br \/>\nBet\u00e4tigungssicherung Drehknopf mit Arretierung<br \/>\nmit Zubeh\u00f6rschliessbar<br \/>\nAusgangsdruck konstant<br \/>\nDruckanzeige mit Manometer<br \/>\nBetriebsdruck 0.8 bar &#8230; 14 bar<br \/>\nDruckregelbereich 0.3 bar &#8230; 7 bar<br \/>\nNormalnenndurchfluss 1150 l\/min<br \/>\nFronttafeleinbau<br \/>\nPneumatischer Anschluss 1<br \/>\nG1\/8<br \/>\nPneumatischer Anschluss 2<br \/>\nG1\/8<\/p>","protected":false},"featured_media":2713,"comment_status":"closed","ping_status":"closed","template":"","meta":[],"product_brand":[],"product_cat":[243],"product_tag":[],"class_list":{"0":"post-2328","1":"product","2":"type-product","3":"status-publish","4":"has-post-thumbnail","6":"product_cat-festo-hersteller","8":"first","9":"instock","10":"taxable","11":"shipping-taxable","12":"purchasable","13":"product-type-simple"},"yoast_head":"<!-- This site is optimized with the Yoast SEO plugin v26.8 - https:\/\/yoast.com\/product\/yoast-seo-wordpress\/ -->\n<title>Druckregelventil - Website<\/title>\n<meta name=\"robots\" content=\"index, follow, max-snippet:-1, max-image-preview:large, max-video-preview:-1\" \/>\n<link rel=\"canonical\" href=\"https:\/\/mdautomation.at\/en\/produkt\/maximaler-ausgangsdruck-7-bar-mit-manometer-abschliesbarer-reglerkopf-durchflussrichtung-von-links-nach-rechts\/\" \/>\n<meta property=\"og:locale\" content=\"en_US\" \/>\n<meta property=\"og:type\" content=\"article\" \/>\n<meta property=\"og:title\" content=\"Druckregelventil - Website\" \/>\n<meta property=\"og:description\" content=\"Baugrupe 4 Baureihe MS Bet\u00e4tigungssicherung Drehknopf mit Arretierung mit Zubeh\u00f6rschliessbar Ausgangsdruck konstant Druckanzeige mit Manometer Betriebsdruck 0.8 bar ... 14 bar Druckregelbereich 0.3 bar ... 7 bar Normalnenndurchfluss 1150 l\/min Fronttafeleinbau Pneumatischer Anschluss 1 G1\/8 Pneumatischer Anschluss 2 G1\/8\" \/>\n<meta property=\"og:url\" content=\"https:\/\/mdautomation.at\/en\/produkt\/maximaler-ausgangsdruck-7-bar-mit-manometer-abschliesbarer-reglerkopf-durchflussrichtung-von-links-nach-rechts\/\" \/>\n<meta property=\"og:site_name\" content=\"Website\" \/>\n<meta property=\"article:modified_time\" content=\"2024-05-15T18:27:58+00:00\" \/>\n<meta property=\"og:image\" content=\"https:\/\/mdautomation.at\/wp-content\/uploads\/2024\/04\/D15000100125068_1.jpg\" \/>\n\t<meta property=\"og:image:width\" content=\"511\" \/>\n\t<meta property=\"og:image:height\" content=\"1024\" \/>\n\t<meta property=\"og:image:type\" content=\"image\/jpeg\" \/>\n<meta name=\"twitter:card\" content=\"summary_large_image\" \/>\n<meta name=\"twitter:label1\" content=\"Est. reading time\" \/>\n\t<meta name=\"twitter:data1\" content=\"1 minute\" \/>\n<script type=\"application\/ld+json\" class=\"yoast-schema-graph\">{\"@context\":\"https:\/\/schema.org\",\"@graph\":[{\"@type\":\"WebPage\",\"@id\":\"https:\/\/mdautomation.at\/produkt\/maximaler-ausgangsdruck-7-bar-mit-manometer-abschliesbarer-reglerkopf-durchflussrichtung-von-links-nach-rechts\/\",\"url\":\"https:\/\/mdautomation.at\/produkt\/maximaler-ausgangsdruck-7-bar-mit-manometer-abschliesbarer-reglerkopf-durchflussrichtung-von-links-nach-rechts\/\",\"name\":\"Druckregelventil - Website\",\"isPartOf\":{\"@id\":\"https:\/\/mdautomation.at\/#website\"},\"primaryImageOfPage\":{\"@id\":\"https:\/\/mdautomation.at\/produkt\/maximaler-ausgangsdruck-7-bar-mit-manometer-abschliesbarer-reglerkopf-durchflussrichtung-von-links-nach-rechts\/#primaryimage\"},\"image\":{\"@id\":\"https:\/\/mdautomation.at\/produkt\/maximaler-ausgangsdruck-7-bar-mit-manometer-abschliesbarer-reglerkopf-durchflussrichtung-von-links-nach-rechts\/#primaryimage\"},\"thumbnailUrl\":\"https:\/\/mdautomation.at\/wp-content\/uploads\/2024\/04\/D15000100125068_1.jpg\",\"datePublished\":\"2024-01-11T10:55:44+00:00\",\"dateModified\":\"2024-05-15T18:27:58+00:00\",\"breadcrumb\":{\"@id\":\"https:\/\/mdautomation.at\/produkt\/maximaler-ausgangsdruck-7-bar-mit-manometer-abschliesbarer-reglerkopf-durchflussrichtung-von-links-nach-rechts\/#breadcrumb\"},\"inLanguage\":\"en-US\",\"potentialAction\":[{\"@type\":\"ReadAction\",\"target\":[\"https:\/\/mdautomation.at\/produkt\/maximaler-ausgangsdruck-7-bar-mit-manometer-abschliesbarer-reglerkopf-durchflussrichtung-von-links-nach-rechts\/\"]}]},{\"@type\":\"ImageObject\",\"inLanguage\":\"en-US\",\"@id\":\"https:\/\/mdautomation.at\/produkt\/maximaler-ausgangsdruck-7-bar-mit-manometer-abschliesbarer-reglerkopf-durchflussrichtung-von-links-nach-rechts\/#primaryimage\",\"url\":\"https:\/\/mdautomation.at\/wp-content\/uploads\/2024\/04\/D15000100125068_1.jpg\",\"contentUrl\":\"https:\/\/mdautomation.at\/wp-content\/uploads\/2024\/04\/D15000100125068_1.jpg\",\"width\":511,\"height\":1024},{\"@type\":\"BreadcrumbList\",\"@id\":\"https:\/\/mdautomation.at\/produkt\/maximaler-ausgangsdruck-7-bar-mit-manometer-abschliesbarer-reglerkopf-durchflussrichtung-von-links-nach-rechts\/#breadcrumb\",\"itemListElement\":[{\"@type\":\"ListItem\",\"position\":1,\"name\":\"Startseite\",\"item\":\"https:\/\/mdautomation.at\/\"},{\"@type\":\"ListItem\",\"position\":2,\"name\":\"Shop\",\"item\":\"https:\/\/mdautomation.at\/shop\/\"},{\"@type\":\"ListItem\",\"position\":3,\"name\":\"Druckregelventil\"}]},{\"@type\":\"WebSite\",\"@id\":\"https:\/\/mdautomation.at\/#website\",\"url\":\"https:\/\/mdautomation.at\/\",\"name\":\"Website\",\"description\":\"Hier kommt in K\u00fcrze eine neue Website\",\"publisher\":{\"@id\":\"https:\/\/mdautomation.at\/#organization\"},\"potentialAction\":[{\"@type\":\"SearchAction\",\"target\":{\"@type\":\"EntryPoint\",\"urlTemplate\":\"https:\/\/mdautomation.at\/?s={search_term_string}\"},\"query-input\":{\"@type\":\"PropertyValueSpecification\",\"valueRequired\":true,\"valueName\":\"search_term_string\"}}],\"inLanguage\":\"en-US\"},{\"@type\":\"Organization\",\"@id\":\"https:\/\/mdautomation.at\/#organization\",\"name\":\"Website\",\"url\":\"https:\/\/mdautomation.at\/\",\"logo\":{\"@type\":\"ImageObject\",\"inLanguage\":\"en-US\",\"@id\":\"https:\/\/mdautomation.at\/#\/schema\/logo\/image\/\",\"url\":\"https:\/\/mdautomation.at\/wp-content\/uploads\/2025\/03\/LOGO-MDAblueneu.png\",\"contentUrl\":\"https:\/\/mdautomation.at\/wp-content\/uploads\/2025\/03\/LOGO-MDAblueneu.png\",\"width\":3368,\"height\":1749,\"caption\":\"Website\"},\"image\":{\"@id\":\"https:\/\/mdautomation.at\/#\/schema\/logo\/image\/\"}}]}<\/script>\n<!-- \/ Yoast SEO plugin. -->","yoast_head_json":{"title":"Druckregelventil - Website","robots":{"index":"index","follow":"follow","max-snippet":"max-snippet:-1","max-image-preview":"max-image-preview:large","max-video-preview":"max-video-preview:-1"},"canonical":"https:\/\/mdautomation.at\/en\/produkt\/maximaler-ausgangsdruck-7-bar-mit-manometer-abschliesbarer-reglerkopf-durchflussrichtung-von-links-nach-rechts\/","og_locale":"en_US","og_type":"article","og_title":"Druckregelventil - Website","og_description":"Baugrupe 4 Baureihe MS Bet\u00e4tigungssicherung Drehknopf mit Arretierung mit Zubeh\u00f6rschliessbar Ausgangsdruck konstant Druckanzeige mit Manometer Betriebsdruck 0.8 bar ... 14 bar Druckregelbereich 0.3 bar ... 7 bar Normalnenndurchfluss 1150 l\/min Fronttafeleinbau Pneumatischer Anschluss 1 G1\/8 Pneumatischer Anschluss 2 G1\/8","og_url":"https:\/\/mdautomation.at\/en\/produkt\/maximaler-ausgangsdruck-7-bar-mit-manometer-abschliesbarer-reglerkopf-durchflussrichtung-von-links-nach-rechts\/","og_site_name":"Website","article_modified_time":"2024-05-15T18:27:58+00:00","og_image":[{"width":511,"height":1024,"url":"https:\/\/mdautomation.at\/wp-content\/uploads\/2024\/04\/D15000100125068_1.jpg","type":"image\/jpeg"}],"twitter_card":"summary_large_image","twitter_misc":{"Est. reading time":"1 minute"},"schema":{"@context":"https:\/\/schema.org","@graph":[{"@type":"WebPage","@id":"https:\/\/mdautomation.at\/produkt\/maximaler-ausgangsdruck-7-bar-mit-manometer-abschliesbarer-reglerkopf-durchflussrichtung-von-links-nach-rechts\/","url":"https:\/\/mdautomation.at\/produkt\/maximaler-ausgangsdruck-7-bar-mit-manometer-abschliesbarer-reglerkopf-durchflussrichtung-von-links-nach-rechts\/","name":"Druckregelventil - Website","isPartOf":{"@id":"https:\/\/mdautomation.at\/#website"},"primaryImageOfPage":{"@id":"https:\/\/mdautomation.at\/produkt\/maximaler-ausgangsdruck-7-bar-mit-manometer-abschliesbarer-reglerkopf-durchflussrichtung-von-links-nach-rechts\/#primaryimage"},"image":{"@id":"https:\/\/mdautomation.at\/produkt\/maximaler-ausgangsdruck-7-bar-mit-manometer-abschliesbarer-reglerkopf-durchflussrichtung-von-links-nach-rechts\/#primaryimage"},"thumbnailUrl":"https:\/\/mdautomation.at\/wp-content\/uploads\/2024\/04\/D15000100125068_1.jpg","datePublished":"2024-01-11T10:55:44+00:00","dateModified":"2024-05-15T18:27:58+00:00","breadcrumb":{"@id":"https:\/\/mdautomation.at\/produkt\/maximaler-ausgangsdruck-7-bar-mit-manometer-abschliesbarer-reglerkopf-durchflussrichtung-von-links-nach-rechts\/#breadcrumb"},"inLanguage":"en-US","potentialAction":[{"@type":"ReadAction","target":["https:\/\/mdautomation.at\/produkt\/maximaler-ausgangsdruck-7-bar-mit-manometer-abschliesbarer-reglerkopf-durchflussrichtung-von-links-nach-rechts\/"]}]},{"@type":"ImageObject","inLanguage":"en-US","@id":"https:\/\/mdautomation.at\/produkt\/maximaler-ausgangsdruck-7-bar-mit-manometer-abschliesbarer-reglerkopf-durchflussrichtung-von-links-nach-rechts\/#primaryimage","url":"https:\/\/mdautomation.at\/wp-content\/uploads\/2024\/04\/D15000100125068_1.jpg","contentUrl":"https:\/\/mdautomation.at\/wp-content\/uploads\/2024\/04\/D15000100125068_1.jpg","width":511,"height":1024},{"@type":"BreadcrumbList","@id":"https:\/\/mdautomation.at\/produkt\/maximaler-ausgangsdruck-7-bar-mit-manometer-abschliesbarer-reglerkopf-durchflussrichtung-von-links-nach-rechts\/#breadcrumb","itemListElement":[{"@type":"ListItem","position":1,"name":"Startseite","item":"https:\/\/mdautomation.at\/"},{"@type":"ListItem","position":2,"name":"Shop","item":"https:\/\/mdautomation.at\/shop\/"},{"@type":"ListItem","position":3,"name":"Druckregelventil"}]},{"@type":"WebSite","@id":"https:\/\/mdautomation.at\/#website","url":"https:\/\/mdautomation.at\/","name":"Website","description":"Hier kommt in K\u00fcrze eine neue Website","publisher":{"@id":"https:\/\/mdautomation.at\/#organization"},"potentialAction":[{"@type":"SearchAction","target":{"@type":"EntryPoint","urlTemplate":"https:\/\/mdautomation.at\/?s={search_term_string}"},"query-input":{"@type":"PropertyValueSpecification","valueRequired":true,"valueName":"search_term_string"}}],"inLanguage":"en-US"},{"@type":"Organization","@id":"https:\/\/mdautomation.at\/#organization","name":"Website","url":"https:\/\/mdautomation.at\/","logo":{"@type":"ImageObject","inLanguage":"en-US","@id":"https:\/\/mdautomation.at\/#\/schema\/logo\/image\/","url":"https:\/\/mdautomation.at\/wp-content\/uploads\/2025\/03\/LOGO-MDAblueneu.png","contentUrl":"https:\/\/mdautomation.at\/wp-content\/uploads\/2025\/03\/LOGO-MDAblueneu.png","width":3368,"height":1749,"caption":"Website"},"image":{"@id":"https:\/\/mdautomation.at\/#\/schema\/logo\/image\/"}}]}},"_links":{"self":[{"href":"https:\/\/mdautomation.at\/en\/wp-json\/wp\/v2\/product\/2328","targetHints":{"allow":["GET"]}}],"collection":[{"href":"https:\/\/mdautomation.at\/en\/wp-json\/wp\/v2\/product"}],"about":[{"href":"https:\/\/mdautomation.at\/en\/wp-json\/wp\/v2\/types\/product"}],"replies":[{"embeddable":true,"href":"https:\/\/mdautomation.at\/en\/wp-json\/wp\/v2\/comments?post=2328"}],"wp:featuredmedia":[{"embeddable":true,"href":"https:\/\/mdautomation.at\/en\/wp-json\/wp\/v2\/media\/2713"}],"wp:attachment":[{"href":"https:\/\/mdautomation.at\/en\/wp-json\/wp\/v2\/media?parent=2328"}],"wp:term":[{"taxonomy":"product_brand","embeddable":true,"href":"https:\/\/mdautomation.at\/en\/wp-json\/wp\/v2\/product_brand?post=2328"},{"taxonomy":"product_cat","embeddable":true,"href":"https:\/\/mdautomation.at\/en\/wp-json\/wp\/v2\/product_cat?post=2328"},{"taxonomy":"product_tag","embeddable":true,"href":"https:\/\/mdautomation.at\/en\/wp-json\/wp\/v2\/product_tag?post=2328"}],"curies":[{"name":"wp","href":"https:\/\/api.w.org\/{rel}","templated":true}]}}